{"id":256,"date":"2024-05-25T17:13:07","date_gmt":"2024-05-25T17:13:07","guid":{"rendered":"https:\/\/voidweaver-veronique-prb3q.zipwp.link\/?page_id=256"},"modified":"2024-11-01T22:45:53","modified_gmt":"2024-11-01T22:45:53","slug":"acerca-de-nosotros","status":"publish","type":"page","link":"https:\/\/novalinguatraducciones.com\/en\/acerca-de-nosotros\/","title":{"rendered":"About Us"},"content":{"rendered":"<div class=\"wp-block-uagb-container uagb-block-48f09e77 alignfull uagb-is-root-container\"><div class=\"uagb-container-inner-blocks-wrap\">\n<div class=\"wp-block-uagb-advanced-heading uagb-block-a606d50e\"><p class=\"uagb-desc-text\">what defines us<\/p><h1 class=\"uagb-heading-text\">Get To Know Novalingua Traducciones<\/h1><\/div>\n<\/div><\/div>\n\n\n\n<div class=\"wp-block-uagb-container uagb-block-3ec541a0 alignfull uagb-is-root-container\">\n<div class=\"wp-block-uagb-container uagb-block-ecbd7e76\">\n<div class=\"wp-block-uagb-info-box uagb-block-15ed7467 uagb-infobox__content-wrap  uagb-infobox-icon-above-title uagb-infobox-image-valign-top\"><div class=\"uagb-ifb-content\"><div class=\"uagb-ifb-title-wrap\"><p class=\"uagb-ifb-title-prefix\">Who we are<\/p><h2 class=\"uagb-ifb-title\">Our Identity<\/h2><\/div><p class=\"uagb-ifb-desc\">Novalingua Translations provides international freelance translation services in a wide range of subject areas. With more than 15 years of experience, we offer high quality services tailored to each client's individual needs.<br><br>As American translators, native speakers of both English and Spanish, and based in Spain, we offer translation services in both languages.<br><br>We deliver exceptional results and customer satisfaction.<\/p><\/div><\/div>\n<\/div>\n<\/div>\n\n\n\n<div class=\"wp-block-uagb-container uagb-layout-grid uagb-block-cccfb855 alignfull uagb-is-root-container\"><div class=\"uagb-container-inner-blocks-wrap\">\n<div class=\"wp-block-uagb-image uagb-block-44e7a3be wp-block-uagb-image--layout-default wp-block-uagb-image--effect-static wp-block-uagb-image--align-none\"><figure class=\"wp-block-uagb-image__figure\"><img decoding=\"async\" srcset=\"https:\/\/novalinguatraducciones.com\/wp-content\/uploads\/2024\/05\/jason-strull-KQ0C6WtEGlo-unsplash-1024x684.jpg ,https:\/\/novalinguatraducciones.com\/wp-content\/uploads\/2024\/05\/jason-strull-KQ0C6WtEGlo-unsplash-scaled.jpg 780w, https:\/\/novalinguatraducciones.com\/wp-content\/uploads\/2024\/05\/jason-strull-KQ0C6WtEGlo-unsplash-scaled.jpg 360w\" sizes=\"auto, (max-width: 480px) 150px\" src=\"https:\/\/novalinguatraducciones.com\/wp-content\/uploads\/2024\/05\/jason-strull-KQ0C6WtEGlo-unsplash-1024x684.jpg\" alt=\"traduccion textos libros arte historia, translation art books and history\" class=\"uag-image-513\" width=\"600\" height=\"550\" title=\"jason-strull-KQ0C6WtEGlo-unsplash\" loading=\"lazy\" role=\"img\"\/><\/figure><\/div>\n\n\n\n<div class=\"wp-block-uagb-info-box uagb-block-1f24e138 uagb-infobox__content-wrap  uagb-infobox-icon-above-title uagb-infobox-image-valign-top\"><div class=\"uagb-ifb-content\"><div class=\"uagb-ifb-title-wrap\"><p class=\"uagb-ifb-title-prefix\">Our Story <\/p><h2 class=\"uagb-ifb-title\">Our Journey<\/h2><\/div><p class=\"uagb-ifb-desc\">Novalingua Translations has experience in translating books, articles, catalogs, magazines and documents, with special expertise in history and art. <br><br>Our experience is based on over 20 years in the English language teaching field, with backgrounds in fine arts, literature and English linguistics. As a result, we bring a unique perspective and professionalism to each project.<br><br>We have translators from around the world. This cultural and linguistic diversity enriches our translations and ensures accurate and authentic communication in every project.<br><\/p><\/div><\/div>\n<\/div><\/div>\n\n\n\n<div class=\"wp-block-uagb-container uagb-layout-grid uagb-block-d8faffdc alignfull uagb-is-root-container\"><div class=\"uagb-container-inner-blocks-wrap\">\n<div class=\"wp-block-uagb-advanced-heading uagb-block-a232c1da\"><p class=\"uagb-desc-text\">Our Mission<\/p><h2 class=\"uagb-heading-text\">Mission and Values of Novalingua Translations<\/h2><\/div>\n\n\n\n<div class=\"wp-block-uagb-container uagb-block-b3bbed70\">\n<div class=\"wp-block-uagb-advanced-heading uagb-block-80068c07\"><h3 class=\"uagb-heading-text\">Our Mission<\/h3><p class=\"uagb-desc-text\">To provide translation services of excellent quality, tailored to the specific needs of each client.<\/p><div class=\"uagb-separator\"><\/div><\/div>\n\n\n\n<div class=\"wp-block-uagb-advanced-heading uagb-block-dd3a82a5\"><h3 class=\"uagb-heading-text\">Our Principles<\/h3><p class=\"uagb-desc-text\">At Novalingua Translations, we value professionalism, expertise and customer satisfaction. We value open communication and strive to provide exceptional service.<\/p><\/div>\n<\/div>\n<\/div><\/div>\n\n\n\n<div class=\"wp-block-uagb-container uagb-block-9c27b936 alignfull uagb-is-root-container\"><div class=\"uagb-container-inner-blocks-wrap\">\n<div class=\"wp-block-uagb-info-box uagb-block-51fe0c8f uagb-infobox__content-wrap  uagb-infobox-icon-above-title uagb-infobox-image-valign-top\"><div class=\"uagb-ifb-content\"><div class=\"uagb-ifb-title-wrap\"><h2 class=\"uagb-ifb-title\">Ready to translate with us?<\/h2><\/div><p class=\"uagb-ifb-desc\">Contact us today for a quality translation that meets your needs!<\/p><div class=\"uagb-ifb-button-wrapper wp-block-button\"><a href=\"\/en\/contact\/\" class=\"uagb-infobox-cta-link wp-block-button__link\" target=\"_self\" rel=\"noopener noreferrer\" onclick=\"return true;\" alt=\"\"><span class=\"uagb-inline-editing\">Learn more!<\/span><\/a><\/div><\/div><\/div>\n<\/div><\/div>","protected":false},"excerpt":{"rendered":"<p>lo que nos define Sobre Novalingua Traducciones Nuestra Misi\u00f3n Misi\u00f3n y Valores de Novalingua Traducciones Nuestra Misi\u00f3n Ofrecer servicios de [&hellip;]<\/p>\n","protected":false},"author":3,"featured_media":0,"parent":0,"menu_order":0,"comment_status":"closed","ping_status":"closed","template":"","meta":{"om_disable_all_campaigns":false,"_uag_custom_page_level_css":"","_monsterinsights_skip_tracking":false,"_monsterinsights_sitenote_active":false,"_monsterinsights_sitenote_note":"","_monsterinsights_sitenote_category":0,"_uf_show_specific_survey":0,"_uf_disable_surveys":false,"site-sidebar-layout":"default","site-content-layout":"","ast-site-content-layout":"default","site-content-style":"default","site-sidebar-style":"default","ast-global-header-display":"","ast-banner-title-visibility":"","ast-main-header-display":"","ast-hfb-above-header-display":"","ast-hfb-below-header-display":"","ast-hfb-mobile-header-display":"","site-post-title":"","ast-breadcrumbs-content":"","ast-featured-img":"","footer-sml-layout":"","ast-disable-related-posts":"","theme-transparent-header-meta":"","adv-header-id-meta":"","stick-header-meta":"","header-above-stick-meta":"","header-main-stick-meta":"","header-below-stick-meta":"","astra-migrate-meta-layouts":"default","ast-page-background-enabled":"default","ast-page-background-meta":{"desktop":{"background-color":"var(--ast-global-color-4)","background-image":"","background-repeat":"repeat","background-position":"center center","background-size":"auto","background-attachment":"scroll","background-type":"","background-media":"","overlay-type":"","overlay-color":"","overlay-opacity":"","overlay-gradient":""},"tablet":{"background-color":"","background-image":"","background-repeat":"repeat","background-position":"center center","background-size":"auto","background-attachment":"scroll","background-type":"","background-media":"","overlay-type":"","overlay-color":"","overlay-opacity":"","overlay-gradient":""},"mobile":{"background-color":"","background-image":"","background-repeat":"repeat","background-position":"center center","background-size":"auto","background-attachment":"scroll","background-type":"","background-media":"","overlay-type":"","overlay-color":"","overlay-opacity":"","overlay-gradient":""}},"ast-content-background-meta":{"desktop":{"background-color":"var(--ast-global-color-5)","background-image":"","background-repeat":"repeat","background-position":"center center","background-size":"auto","background-attachment":"scroll","background-type":"","background-media":"","overlay-type":"","overlay-color":"","overlay-opacity":"","overlay-gradient":""},"tablet":{"background-color":"var(--ast-global-color-5)","background-image":"","background-repeat":"repeat","background-position":"center center","background-size":"auto","background-attachment":"scroll","background-type":"","background-media":"","overlay-type":"","overlay-color":"","overlay-opacity":"","overlay-gradient":""},"mobile":{"background-color":"var(--ast-global-color-5)","background-image":"","background-repeat":"repeat","background-position":"center center","background-size":"auto","background-attachment":"scroll","background-type":"","background-media":"","overlay-type":"","overlay-color":"","overlay-opacity":"","overlay-gradient":""}},"footnotes":""},"class_list":["post-256","page","type-page","status-publish","hentry"],"aioseo_notices":[],"uagb_featured_image_src":{"full":false,"thumbnail":false,"medium":false,"medium_large":false,"large":false,"1536x1536":false,"2048x2048":false,"trp-custom-language-flag":false,"ultp_layout_landscape_large":false,"ultp_layout_landscape":false,"ultp_layout_portrait":false,"ultp_layout_square":false},"uagb_author_info":{"display_name":"Novalingua Traducciones","author_link":"https:\/\/novalinguatraducciones.com\/en\/author\/jagrwrtkwu4e\/"},"uagb_comment_info":0,"uagb_excerpt":"lo que nos define Sobre Novalingua Traducciones Nuestra Misi\u00f3n Misi\u00f3n y Valores de Novalingua Traducciones Nuestra Misi\u00f3n Ofrecer servicios de [&hellip;]","_links":{"self":[{"href":"https:\/\/novalinguatraducciones.com\/en\/wp-json\/wp\/v2\/pages\/256","targetHints":{"allow":["GET"]}}],"collection":[{"href":"https:\/\/novalinguatraducciones.com\/en\/wp-json\/wp\/v2\/pages"}],"about":[{"href":"https:\/\/novalinguatraducciones.com\/en\/wp-json\/wp\/v2\/types\/page"}],"author":[{"embeddable":true,"href":"https:\/\/novalinguatraducciones.com\/en\/wp-json\/wp\/v2\/users\/3"}],"replies":[{"embeddable":true,"href":"https:\/\/novalinguatraducciones.com\/en\/wp-json\/wp\/v2\/comments?post=256"}],"version-history":[{"count":12,"href":"https:\/\/novalinguatraducciones.com\/en\/wp-json\/wp\/v2\/pages\/256\/revisions"}],"predecessor-version":[{"id":659,"href":"https:\/\/novalinguatraducciones.com\/en\/wp-json\/wp\/v2\/pages\/256\/revisions\/659"}],"wp:attachment":[{"href":"https:\/\/novalinguatraducciones.com\/en\/wp-json\/wp\/v2\/media?parent=256"}],"curies":[{"name":"wp","href":"https:\/\/api.w.org\/{rel}","templated":true}]}}