{"id":255,"date":"2024-05-25T17:13:06","date_gmt":"2024-05-25T17:13:06","guid":{"rendered":"https:\/\/voidweaver-veronique-prb3q.zipwp.link\/?page_id=255"},"modified":"2026-01-09T13:49:47","modified_gmt":"2026-01-09T13:49:47","slug":"inicio","status":"publish","type":"page","link":"https:\/\/novalinguatraducciones.com\/es_es\/","title":{"rendered":"Inicio"},"content":{"rendered":"\n<div class=\"wp-block-uagb-container uagb-block-48f09e77 alignfull uagb-is-root-container\"><div class=\"uagb-container-inner-blocks-wrap\">\n<div class=\"wp-block-uagb-info-box uagb-block-707c436c uagb-infobox__content-wrap  uagb-infobox-icon-above-title uagb-infobox-image-valign-top wp-block-uagb-info-box--has-margin\"><div class=\"uagb-infobox-margin-wrapper\"><div class=\"uagb-ifb-content\"><div class=\"uagb-ifb-title-wrap\"><p class=\"uagb-ifb-title-prefix\">Traducci\u00f3n Profesional<\/p><h1 class=\"uagb-ifb-title\">Servicio de Traducci\u00f3n Profesional<\/h1><\/div><div class=\"uagb-ifb-button-wrapper wp-block-button\"><a href=\"https:\/\/novalinguatraducciones.com\/servicios\/\" class=\"uagb-infobox-cta-link wp-block-button__link\" target=\"_self\" rel=\"noopener noreferrer\" onclick=\"return true;\"><span class=\"uagb-inline-editing\">\u00a1Explora M\u00e1s!<\/span><\/a><\/div><\/div><\/div><\/div>\n<\/div><\/div>\n\n\n\n<div class=\"wp-block-uagb-container uagb-block-3ec541a0 alignfull uagb-is-root-container\">\n<div class=\"wp-block-uagb-container uagb-block-ecbd7e76\">\n<div class=\"wp-block-uagb-info-box uagb-block-15ed7467 uagb-infobox__content-wrap  uagb-infobox-icon-above-title uagb-infobox-image-valign-top\"><div class=\"uagb-ifb-content\"><div class=\"uagb-ifb-title-wrap\"><p class=\"uagb-ifb-title-prefix\">Nuestra Historia<\/p><h2 class=\"uagb-ifb-title\">Pasi\u00f3n por la Traducci\u00f3n de Calidad<\/h2><\/div><p class=\"uagb-ifb-desc\">En Novalingua Traducciones, combinamos m\u00e1s de 15 a\u00f1os de experiencia en traducci\u00f3n de espa\u00f1ol e ingl\u00e9s con conocimientos especializados.<\/p><div class=\"uagb-ifb-button-wrapper wp-block-button\"><a href=\"acerca-de-nosotros\/\" class=\"uagb-infobox-cta-link wp-block-button__link\" target=\"_self\" rel=\"noopener noreferrer\" onclick=\"return true;\"><span class=\"uagb-inline-editing\">Read More<\/span><\/a><\/div><\/div><\/div>\n<\/div>\n<\/div>\n\n\n\n<div class=\"wp-block-uagb-container uagb-layout-grid uagb-block-f7139a63 alignfull uagb-is-root-container\"><div class=\"uagb-container-inner-blocks-wrap\">\n<div class=\"wp-block-uagb-advanced-heading uagb-block-a606d50e\"><p class=\"uagb-desc-text\">Nuestros Servicios<\/p><h2 class=\"uagb-heading-text\">Nuestros Servicios de Traducci\u00f3n Profesional<\/h2><\/div>\n\n\n\n<div class=\"wp-block-group is-nowrap is-layout-flex wp-container-core-group-is-layout-6c531013 wp-block-group-is-layout-flex\">\n<div class=\"wp-block-group is-layout-constrained wp-block-group-is-layout-constrained\">\n<div class=\"wp-block-uagb-container uagb-block-aa0d8feb\">\n<div class=\"wp-block-uagb-advanced-heading uagb-block-ff72db2b\"><p class=\"uagb-desc-text\">01<\/p><h3 class=\"uagb-heading-text\">Traducci\u00f3n de texto<\/h3><\/div>\n<\/div>\n<\/div>\n<\/div>\n\n\n\n<div class=\"wp-block-uagb-container uagb-block-65c66f7e\">\n<div class=\"wp-block-uagb-advanced-heading uagb-block-219ae8c9\"><p class=\"uagb-desc-text\">02<\/p><h3 class=\"uagb-heading-text\">Revisi\u00f3n de textos<\/h3><\/div>\n<\/div>\n\n\n\n<div class=\"wp-block-uagb-container uagb-block-3dd44775\">\n<div class=\"wp-block-uagb-advanced-heading uagb-block-9f2890cd\"><p class=\"uagb-desc-text\">03<\/p><h3 class=\"uagb-heading-text\">Correcci\u00f3n de textos<\/h3><\/div>\n<\/div>\n<\/div><\/div>\n\n\n\n<div class=\"wp-block-uagb-container uagb-block-9eb4dadd alignfull uagb-is-root-container\"><div class=\"uagb-container-inner-blocks-wrap\">\n<div class=\"wp-block-uagb-info-box uagb-block-df377dbb uagb-infobox__content-wrap  uagb-infobox-icon-above-title uagb-infobox-image-valign-top\"><div class=\"uagb-ifb-content\"><div class=\"uagb-ifb-title-wrap\"><p class=\"uagb-ifb-title-prefix\">EXPERIENCIA \u00daNICA EN TRADUCCI\u00d3N PROFESIONAL<\/p><h2 class=\"uagb-ifb-title\">Traducci\u00f3n especializada<\/h2><\/div><div class=\"uagb-ifb-button-wrapper wp-block-button\"><a href=\"contact\/\" class=\"uagb-infobox-cta-link wp-block-button__link\" target=\"_self\" rel=\"noopener noreferrer\" onclick=\"return true;\"><span class=\"uagb-inline-editing\">\u00a1Explora M\u00e1s!<\/span><\/a><\/div><\/div><\/div>\n<\/div><\/div>\n\n\n\n<div class=\"wp-block-uagb-container uagb-layout-grid uagb-block-d8faffdc alignfull uagb-is-root-container\"><div class=\"uagb-container-inner-blocks-wrap\">\n<div class=\"wp-block-uagb-advanced-heading uagb-block-a232c1da\"><p class=\"uagb-desc-text\">Nuestra Misi\u00f3n<\/p><h2 class=\"uagb-heading-text\">Misi\u00f3n y Valores de Novalingua Traducciones<\/h2><\/div>\n\n\n\n<div class=\"wp-block-uagb-container uagb-block-b3bbed70\">\n<div class=\"wp-block-uagb-advanced-heading uagb-block-80068c07\"><h3 class=\"uagb-heading-text\">Precisi\u00f3n Excepcional<\/h3><p class=\"uagb-desc-text\">Brindamos traducciones precisas y especializadas para cada proyecto. Nuestros traductores son hablantes nativos tanto en ingl\u00e9s como en espa\u00f1ol.<\/p><div class=\"uagb-separator\"><\/div><\/div>\n\n\n\n<div class=\"wp-block-uagb-advanced-heading uagb-block-976aaace\"><h3 class=\"uagb-heading-text\">Experiencia Diversificada<\/h3><p class=\"uagb-desc-text\">Con m\u00e1s de 20 a\u00f1os de experiencia en  ense\u00f1anza en ingl\u00e9s y otros campos, ofrecemos una perspectiva \u00fanica en traducci\u00f3n.<\/p><div class=\"uagb-separator\"><\/div><\/div>\n\n\n\n<div class=\"wp-block-uagb-advanced-heading uagb-block-67998efb\"><h3 class=\"uagb-heading-text\">Profesionalidad Garantizada<\/h3><p class=\"uagb-desc-text\">Nuestros servicios destacan por su calidad y adaptaci\u00f3n a las necesidades espec\u00edficas de cada cliente.<\/p><\/div>\n<\/div>\n<\/div><\/div>\n\n\n\n<div class=\"wp-block-group is-content-justification-left is-nowrap is-layout-flex wp-container-core-group-is-layout-fc9f69e7 wp-block-group-is-layout-flex\">\n<div style=\"height:62px;width:0px\" aria-hidden=\"true\" class=\"wp-block-spacer wp-container-content-1f803e42\"><\/div>\n<\/div>\n\n\n\n<div class=\"wp-block-uagb-container uagb-block-0ab4cf6e alignfull uagb-is-root-container\"><div class=\"uagb-container-inner-blocks-wrap\">\n<div class=\"wp-block-uagb-image uagb-block-2802db7d wp-block-uagb-image--layout-default wp-block-uagb-image--effect-static wp-block-uagb-image--align-none\"><figure class=\"wp-block-uagb-image__figure\"><img decoding=\"async\" srcset=\"https:\/\/novalinguatraducciones.com\/wp-content\/uploads\/2024\/05\/Books-articles-documents-in-green-white-and-grey-tones-in-a-minimalistic-modern-and-technological-workspace.jpg ,https:\/\/novalinguatraducciones.com\/wp-content\/uploads\/2024\/05\/Books-articles-documents-in-green-white-and-grey-tones-in-a-minimalistic-modern-and-technological-workspace.jpg 780w, https:\/\/novalinguatraducciones.com\/wp-content\/uploads\/2024\/05\/Books-articles-documents-in-green-white-and-grey-tones-in-a-minimalistic-modern-and-technological-workspace.jpg 360w\" sizes=\"auto, (max-width: 480px) 150px\" src=\"https:\/\/novalinguatraducciones.com\/wp-content\/uploads\/2024\/05\/Books-articles-documents-in-green-white-and-grey-tones-in-a-minimalistic-modern-and-technological-workspace.jpg\" alt=\"traduccion de libros, translation of books\" class=\"uag-image-516\" width=\"1200\" height=\"400\" title=\"Books articles documents in green white and grey tones in a minimalistic modern and technological workspace\" loading=\"lazy\" role=\"img\"\/><\/figure><\/div>\n\n\n\n<div style=\"height:100px\" aria-hidden=\"true\" class=\"wp-block-spacer\"><\/div>\n\n\n\n<div class=\"wp-block-uagb-container uagb-layout-grid uagb-block-c7acfdc8\">\n<div class=\"wp-block-uagb-advanced-heading uagb-block-9948cea3\"><p class=\"uagb-desc-text\">Testimonios<\/p><h2 class=\"uagb-heading-text\">Lo que Dicen Nuestros Clientes<\/h2><\/div>\n\n\n\n<div class=\"wp-block-uagb-container uagb-block-529d28c3\">\n<div class=\"wp-block-uagb-testimonial uagb-slick-carousel uagb-tm__arrow-outside uagb-block-fb254857\"><div class=\"is-carousel uagb-tm__columns-1 uagb-tm__items\"><div class=\"uagb-testimonial__wrap  uagb-tm__imgicon-style-circle uagb-tm__image-position-bottom uagb-tm__bg-type-none \"><div class=\"uagb-tm__content\"><div class=\"uagb-tm__overlay\"><\/div><div class=\"uagb-tm__text-wrap\"><div class=\"uagb-tm__desc\">\u00abHe solicitado los servicios de traducci\u00f3n\/revisi\u00f3n a Novalingua Traducciones en varias ocasiones desde hace unos a\u00f1os. Siempre ha prestado un servicio de calidad, ha ofrecido un excelente trabajo y con un tiempo de respuesta y entrega muy satisfactorio. No dudo en que seguir\u00e9 solicitando sus traducciones en el futuro pues es un gusto contar con gente tan profesional y con un trato tan cercano como ofrecen ellos.\u00bb<\/div><div class=\"uagb-tm__meta-inner\"><div class=\"uagb-testimonial-details\"><span class=\"uagb-tm__author-name\">Amparo S\u00e1nchez <\/span><span class=\"uagb-tm__company\">(Universitat Jaume I, Castell\u00f3n, Espa\u00f1a) <\/span><\/div><\/div><\/div><\/div><\/div><div class=\"uagb-testimonial__wrap  uagb-tm__imgicon-style-circle uagb-tm__image-position-bottom uagb-tm__bg-type-none \"><div class=\"uagb-tm__content\"><div class=\"uagb-tm__overlay\"><\/div><div class=\"uagb-tm__text-wrap\"><div class=\"uagb-tm__desc\">\u00abNovalingua Traducciones es una traductora excelente. Su principal cualidad es la seriedad y el compromiso con el trabajo y el cliente.\u00bb<\/div><div class=\"uagb-tm__meta-inner\"><div class=\"uagb-testimonial-details\"><span class=\"uagb-tm__author-name\">Consuelo Naranjo  <\/span><span class=\"uagb-tm__company\">(Instituto de Historia, CSIC, Madrid, Espa\u00f1a)<\/span><\/div><\/div><\/div><\/div><\/div><div class=\"uagb-testimonial__wrap  uagb-tm__imgicon-style-circle uagb-tm__image-position-bottom uagb-tm__bg-type-none \"><div class=\"uagb-tm__content\"><div class=\"uagb-tm__overlay\"><\/div><div class=\"uagb-tm__text-wrap\"><div class=\"uagb-tm__desc\">\u00abNovalingua Traducciones ha sido mi ventana para trasladar mis ideas al lector de lengua inglesa. Mis editores han destacado de sus traducciones la precisi\u00f3n de las palabras escogidas y una cuidada sintaxis, tan complicada de adaptar cuando el autor se sirve de figuras literarias y de oraciones subordinadas, del barroquismo de nuestro idioma.\u00bb<\/div><div class=\"uagb-tm__meta-inner\"><div class=\"uagb-testimonial-details\"><span class=\"uagb-tm__author-name\">Jos\u00e9 Antonio Piqueras<\/span><span class=\"uagb-tm__company\">(Catedr\u00e1tico de Historia Contempor\u00e1nea, Universitat Jaume I, Castell\u00f3n, Espa\u00f1a)<\/span><\/div><\/div><\/div><\/div><\/div><\/div><\/div>\n<\/div>\n<\/div>\n<\/div><\/div>\n\n\n\n<div style=\"height:100px\" aria-hidden=\"true\" class=\"wp-block-spacer\"><\/div>\n\n\n\n<div class=\"wp-block-uagb-container uagb-block-9c27b936 alignfull uagb-is-root-container\"><div class=\"uagb-container-inner-blocks-wrap\">\n<div class=\"wp-block-uagb-info-box uagb-block-51fe0c8f uagb-infobox__content-wrap  uagb-infobox-icon-above-title uagb-infobox-image-valign-top\"><div class=\"uagb-ifb-content\"><div class=\"uagb-ifb-title-wrap\"><h2 class=\"uagb-ifb-title\">\u00bfListo para Traducir con Nosotros?<\/h2><\/div><p class=\"uagb-ifb-desc\">\u00a1Cont\u00e1ctanos hoy mismo para obtener una traducci\u00f3n de alta calidad que se adapte a tus necesidades!<\/p><div class=\"uagb-ifb-button-wrapper wp-block-button\"><a href=\"\/contact\/\" class=\"uagb-infobox-cta-link wp-block-button__link\" target=\"_self\" rel=\"noopener noreferrer\" onclick=\"return true;\" alt=\"\"><span class=\"uagb-inline-editing\">\u00a1Explora M\u00e1s!<\/span><\/a><\/div><\/div><\/div>\n<\/div><\/div>\n","protected":false},"excerpt":{"rendered":"<p>Nuestros Servicios Nuestros Servicios de Traducci\u00f3n Profesional 01 Traducci\u00f3n de texto 02 Revisi\u00f3n de textos 03 Correcci\u00f3n de textos Nuestra [&hellip;]<\/p>\n","protected":false},"author":3,"featured_media":0,"parent":0,"menu_order":0,"comment_status":"closed","ping_status":"closed","template":"","meta":{"om_disable_all_campaigns":false,"_uag_custom_page_level_css":"","_monsterinsights_skip_tracking":false,"_monsterinsights_sitenote_active":false,"_monsterinsights_sitenote_note":"","_monsterinsights_sitenote_category":0,"_uf_show_specific_survey":0,"_uf_disable_surveys":false,"site-sidebar-layout":"default","site-content-layout":"","ast-site-content-layout":"default","site-content-style":"default","site-sidebar-style":"default","ast-global-header-display":"","ast-banner-title-visibility":"","ast-main-header-display":"","ast-hfb-above-header-display":"","ast-hfb-below-header-display":"","ast-hfb-mobile-header-display":"","site-post-title":"disabled","ast-breadcrumbs-content":"","ast-featured-img":"","footer-sml-layout":"","ast-disable-related-posts":"","theme-transparent-header-meta":"","adv-header-id-meta":"","stick-header-meta":"","header-above-stick-meta":"","header-main-stick-meta":"","header-below-stick-meta":"","astra-migrate-meta-layouts":"default","ast-page-background-enabled":"default","ast-page-background-meta":{"desktop":{"background-color":"var(--ast-global-color-4)","background-image":"","background-repeat":"repeat","background-position":"center center","background-size":"auto","background-attachment":"scroll","background-type":"","background-media":"","overlay-type":"","overlay-color":"","overlay-opacity":"","overlay-gradient":""},"tablet":{"background-color":"","background-image":"","background-repeat":"repeat","background-position":"center center","background-size":"auto","background-attachment":"scroll","background-type":"","background-media":"","overlay-type":"","overlay-color":"","overlay-opacity":"","overlay-gradient":""},"mobile":{"background-color":"","background-image":"","background-repeat":"repeat","background-position":"center center","background-size":"auto","background-attachment":"scroll","background-type":"","background-media":"","overlay-type":"","overlay-color":"","overlay-opacity":"","overlay-gradient":""}},"ast-content-background-meta":{"desktop":{"background-color":"var(--ast-global-color-5)","background-image":"","background-repeat":"repeat","background-position":"center center","background-size":"auto","background-attachment":"scroll","background-type":"","background-media":"","overlay-type":"","overlay-color":"","overlay-opacity":"","overlay-gradient":""},"tablet":{"background-color":"var(--ast-global-color-5)","background-image":"","background-repeat":"repeat","background-position":"center center","background-size":"auto","background-attachment":"scroll","background-type":"","background-media":"","overlay-type":"","overlay-color":"","overlay-opacity":"","overlay-gradient":""},"mobile":{"background-color":"var(--ast-global-color-5)","background-image":"","background-repeat":"repeat","background-position":"center center","background-size":"auto","background-attachment":"scroll","background-type":"","background-media":"","overlay-type":"","overlay-color":"","overlay-opacity":"","overlay-gradient":""}},"footnotes":""},"class_list":["post-255","page","type-page","status-publish","hentry"],"aioseo_notices":[],"uagb_featured_image_src":{"full":false,"thumbnail":false,"medium":false,"medium_large":false,"large":false,"1536x1536":false,"2048x2048":false,"trp-custom-language-flag":false,"ultp_layout_landscape_large":false,"ultp_layout_landscape":false,"ultp_layout_portrait":false,"ultp_layout_square":false},"uagb_author_info":{"display_name":"Novalingua Traducciones","author_link":"https:\/\/novalinguatraducciones.com\/es_es\/author\/jagrwrtkwu4e\/"},"uagb_comment_info":0,"uagb_excerpt":"Nuestros Servicios Nuestros Servicios de Traducci\u00f3n Profesional 01 Traducci\u00f3n de texto 02 Revisi\u00f3n de textos 03 Correcci\u00f3n de textos Nuestra [&hellip;]","_links":{"self":[{"href":"https:\/\/novalinguatraducciones.com\/es_es\/wp-json\/wp\/v2\/pages\/255","targetHints":{"allow":["GET"]}}],"collection":[{"href":"https:\/\/novalinguatraducciones.com\/es_es\/wp-json\/wp\/v2\/pages"}],"about":[{"href":"https:\/\/novalinguatraducciones.com\/es_es\/wp-json\/wp\/v2\/types\/page"}],"author":[{"embeddable":true,"href":"https:\/\/novalinguatraducciones.com\/es_es\/wp-json\/wp\/v2\/users\/3"}],"replies":[{"embeddable":true,"href":"https:\/\/novalinguatraducciones.com\/es_es\/wp-json\/wp\/v2\/comments?post=255"}],"version-history":[{"count":39,"href":"https:\/\/novalinguatraducciones.com\/es_es\/wp-json\/wp\/v2\/pages\/255\/revisions"}],"predecessor-version":[{"id":791,"href":"https:\/\/novalinguatraducciones.com\/es_es\/wp-json\/wp\/v2\/pages\/255\/revisions\/791"}],"wp:attachment":[{"href":"https:\/\/novalinguatraducciones.com\/es_es\/wp-json\/wp\/v2\/media?parent=255"}],"curies":[{"name":"wp","href":"https:\/\/api.w.org\/{rel}","templated":true}]}}