{"id":257,"date":"2024-05-25T17:13:07","date_gmt":"2024-05-25T17:13:07","guid":{"rendered":"https:\/\/voidweaver-veronique-prb3q.zipwp.link\/?page_id=257"},"modified":"2025-09-25T13:20:09","modified_gmt":"2025-09-25T13:20:09","slug":"servicios","status":"publish","type":"page","link":"https:\/\/novalinguatraducciones.com\/es_es\/servicios\/","title":{"rendered":"Servicios"},"content":{"rendered":"\n<div class=\"wp-block-uagb-container uagb-block-48f09e77 alignfull uagb-is-root-container\"><div class=\"uagb-container-inner-blocks-wrap\">\n<div class=\"wp-block-uagb-advanced-heading uagb-block-a606d50e\"><p class=\"uagb-desc-text\">Servicios<\/p><h1 class=\"uagb-heading-text\">Servicios de Traducci\u00f3n Profesional<\/h1><\/div>\n<\/div><\/div>\n\n\n\n<div class=\"wp-block-uagb-container uagb-block-3ec541a0 alignfull uagb-is-root-container\"><\/div>\n\n\n\n<div style=\"height:75px\" aria-hidden=\"true\" class=\"wp-block-spacer\"><\/div>\n\n\n<p style=\"text-align: center;\">Nuestras tarifas de traducci\u00f3n se basan en el cobro por palabra, lo que garantiza transparencia y justicia en nuestros precios. El costo final puede variar seg\u00fan factores como el tama\u00f1o y la complejidad del texto, el formato de entrega y el plazo solicitado. Adem\u00e1s de la traducci\u00f3n, ofrecemos servicios adicionales como revisi\u00f3n y correcci\u00f3n, los cuales pueden ser contratados de forma independiente.<\/p>\n<p style=\"text-align: center;\">Es importante destacar que nuestros precios se sit\u00faan en un punto intermedio,\u00a0 reflejando as\u00ed el valor y la calidad de nuestro trabajo. Mantenemos un est\u00e1ndar de excelencia en cada uno de nuestros servicios, asegurando la satisfacci\u00f3n del cliente en cada proyecto.<\/p>\n<p style=\"text-align: center;\">Animamos a los clientes a ponerse en contacto con nosotros directamente para analizar su texto y obtener un presupuesto individualizado. Trabajamos por encargo, lo que garantiza una atenci\u00f3n personalizada y un servicio de calidad. No dude en ponerse en contacto con nosotros para consultar nuestra disponibilidad.<\/p>\n\n\n<div style=\"height:56px\" aria-hidden=\"true\" class=\"wp-block-spacer\"><\/div>\n\n\n\n<div class=\"wp-block-uagb-container uagb-layout-grid uagb-block-12fd4239 default uagb-is-root-container\">\n<div class=\"wp-block-uagb-container uagb-block-a3523138\">\n<div class=\"wp-block-uagb-container uagb-block-84397a27\">\n<div class=\"wp-block-uagb-info-box uagb-block-c22e056a uagb-infobox__content-wrap  uagb-infobox-icon-above-title uagb-infobox-image-valign-top\"><div class=\"uagb-ifb-content\"><div class=\"uagb-ifb-title-wrap\"><span class=\"uagb-ifb-title-prefix\">01<\/span><h2 class=\"uagb-ifb-title\">Traducci\u00f3n de texto<\/h2><\/div><p class=\"uagb-ifb-desc\">Traducimos del espa\u00f1ol al ingl\u00e9s y viceversa una amplia variedad de textos como libros, art\u00edculos, cat\u00e1logos, documentos y m\u00e1s. Garantizamos una traducci\u00f3n precisa y fiel al original en cualquier tema como podr\u00e1s observar en nuestro <a href=\"https:\/\/novalinguatraducciones.com\/portafolio\/\" data-type=\"page\" data-id=\"582\">portafolio<\/a>.<\/p><\/div><\/div>\n<\/div>\n<\/div>\n\n\n\n<div class=\"wp-block-uagb-container uagb-block-eba8c6c3\">\n<div class=\"wp-block-uagb-container uagb-block-61148c21\">\n<div class=\"wp-block-uagb-info-box uagb-block-12a281e5 uagb-infobox__content-wrap  uagb-infobox-icon-above-title uagb-infobox-image-valign-top\"><div class=\"uagb-ifb-content\"><div class=\"uagb-ifb-title-wrap\"><span class=\"uagb-ifb-title-prefix\">02<\/span><h2 class=\"uagb-ifb-title\">Revisi\u00f3n de <br>textos<\/h2><\/div><p class=\"uagb-ifb-desc\">Ofrecemos servicios de revisi\u00f3n minuciosa para asegurar la calidad y coherencia de sus textos en ingl\u00e9s. Nuestros expertos ling\u00fcistas garantizan una gram\u00e1tica impecable y estilo adecuado.<\/p><\/div><\/div>\n<\/div>\n<\/div>\n\n\n\n<div class=\"wp-block-uagb-container uagb-block-8b02ff98\">\n<div class=\"wp-block-uagb-container uagb-block-88492b83\">\n<div class=\"wp-block-columns is-layout-flex wp-container-core-columns-is-layout-28f84493 wp-block-columns-is-layout-flex\">\n<div class=\"wp-block-column is-layout-flow wp-block-column-is-layout-flow\" style=\"flex-basis:100%\">\n<div class=\"wp-block-uagb-info-box uagb-block-e0058836 uagb-infobox__content-wrap  uagb-infobox-icon-above-title uagb-infobox-image-valign-top\"><div class=\"uagb-ifb-content\"><div class=\"uagb-ifb-title-wrap\"><span class=\"uagb-ifb-title-prefix\">03<\/span><h2 class=\"uagb-ifb-title\">Traducci\u00f3n profesional de documentos<\/h2><\/div><p class=\"uagb-ifb-desc\">Corregimos errores ortogr\u00e1ficos y gramaticales en textos escritos en ingl\u00e9s, asegurando una presentaci\u00f3n pulcra y profesional. Nuestro equipo se encarga de la cohesi\u00f3n y coherencia del contenido.<\/p><\/div><\/div>\n<\/div>\n<\/div>\n<\/div>\n<\/div>\n\n\n\n<div class=\"wp-block-uagb-container uagb-block-5e4dbb1d\">\n<div class=\"wp-block-uagb-container uagb-block-5407c34f\">\n<div class=\"wp-block-columns is-layout-flex wp-container-core-columns-is-layout-28f84493 wp-block-columns-is-layout-flex\">\n<div class=\"wp-block-column is-layout-flow wp-block-column-is-layout-flow\" style=\"flex-basis:100%\">\n<div class=\"wp-block-uagb-info-box uagb-block-ed0291af uagb-infobox__content-wrap  uagb-infobox-icon-above-title uagb-infobox-image-valign-top\"><div class=\"uagb-ifb-content\"><div class=\"uagb-ifb-title-wrap\"><span class=\"uagb-ifb-title-prefix\">04<\/span><h2 class=\"uagb-ifb-title\">Traducci\u00f3n especializada<\/h2><\/div><p class=\"uagb-ifb-desc\">Con experiencia en ense\u00f1anza, traducci\u00f3n y formaci\u00f3n en Bellas Artes, ling\u00fc\u00edstica y Literatura Inglesa, ofrecemos una perspectiva y profesionalidad \u00fanicas en cada proyecto, especializ\u00e1ndonos en textos sobre historia y arte. Nuestra diversidad cultural, con diferentes nacionalidades que aportan sus propias culturas, a\u00f1ade un valor distintivo a estas traducciones.<\/p><\/div><\/div>\n<\/div>\n<\/div>\n<\/div>\n<\/div>\n<\/div>\n\n\n\n<div class=\"wp-block-uagb-container uagb-block-9c27b936 alignfull uagb-is-root-container\"><div class=\"uagb-container-inner-blocks-wrap\">\n<div class=\"wp-block-uagb-info-box uagb-block-51fe0c8f uagb-infobox__content-wrap  uagb-infobox-icon-above-title uagb-infobox-image-valign-top\"><div class=\"uagb-ifb-content\"><div class=\"uagb-ifb-title-wrap\"><h2 class=\"uagb-ifb-title\">\u00bfListo para Traducir con Nosotros?<\/h2><\/div><p class=\"uagb-ifb-desc\">\u00a1Cont\u00e1ctanos hoy mismo para obtener una traducci\u00f3n de alta calidad que se adapte a tus necesidades!<\/p><div class=\"uagb-ifb-button-wrapper wp-block-button\"><a href=\"\/contact\/\" class=\"uagb-infobox-cta-link wp-block-button__link\" target=\"_self\" rel=\"noopener noreferrer\" onclick=\"return true;\" alt=\"\"><span class=\"uagb-inline-editing\">\u00a1Explora M\u00e1s!<\/span><\/a><\/div><\/div><\/div>\n<\/div><\/div>\n","protected":false},"excerpt":{"rendered":"<p>Servicios Servicios de Traducci\u00f3n Profesional Nuestras tarifas de traducci\u00f3n se basan en el cobro por palabra, lo que garantiza transparencia [&hellip;]<\/p>\n","protected":false},"author":3,"featured_media":0,"parent":0,"menu_order":0,"comment_status":"closed","ping_status":"closed","template":"","meta":{"om_disable_all_campaigns":false,"_uag_custom_page_level_css":"","_monsterinsights_skip_tracking":false,"_monsterinsights_sitenote_active":false,"_monsterinsights_sitenote_note":"","_monsterinsights_sitenote_category":0,"_uf_show_specific_survey":0,"_uf_disable_surveys":false,"site-sidebar-layout":"default","site-content-layout":"","ast-site-content-layout":"default","site-content-style":"default","site-sidebar-style":"default","ast-global-header-display":"","ast-banner-title-visibility":"","ast-main-header-display":"","ast-hfb-above-header-display":"","ast-hfb-below-header-display":"","ast-hfb-mobile-header-display":"","site-post-title":"disabled","ast-breadcrumbs-content":"","ast-featured-img":"","footer-sml-layout":"","ast-disable-related-posts":"","theme-transparent-header-meta":"","adv-header-id-meta":"","stick-header-meta":"","header-above-stick-meta":"","header-main-stick-meta":"","header-below-stick-meta":"","astra-migrate-meta-layouts":"default","ast-page-background-enabled":"default","ast-page-background-meta":{"desktop":{"background-color":"var(--ast-global-color-4)","background-image":"","background-repeat":"repeat","background-position":"center center","background-size":"auto","background-attachment":"scroll","background-type":"","background-media":"","overlay-type":"","overlay-color":"","overlay-opacity":"","overlay-gradient":""},"tablet":{"background-color":"","background-image":"","background-repeat":"repeat","background-position":"center center","background-size":"auto","background-attachment":"scroll","background-type":"","background-media":"","overlay-type":"","overlay-color":"","overlay-opacity":"","overlay-gradient":""},"mobile":{"background-color":"","background-image":"","background-repeat":"repeat","background-position":"center center","background-size":"auto","background-attachment":"scroll","background-type":"","background-media":"","overlay-type":"","overlay-color":"","overlay-opacity":"","overlay-gradient":""}},"ast-content-background-meta":{"desktop":{"background-color":"var(--ast-global-color-5)","background-image":"","background-repeat":"repeat","background-position":"center center","background-size":"auto","background-attachment":"scroll","background-type":"","background-media":"","overlay-type":"","overlay-color":"","overlay-opacity":"","overlay-gradient":""},"tablet":{"background-color":"var(--ast-global-color-5)","background-image":"","background-repeat":"repeat","background-position":"center center","background-size":"auto","background-attachment":"scroll","background-type":"","background-media":"","overlay-type":"","overlay-color":"","overlay-opacity":"","overlay-gradient":""},"mobile":{"background-color":"var(--ast-global-color-5)","background-image":"","background-repeat":"repeat","background-position":"center center","background-size":"auto","background-attachment":"scroll","background-type":"","background-media":"","overlay-type":"","overlay-color":"","overlay-opacity":"","overlay-gradient":""}},"footnotes":""},"class_list":["post-257","page","type-page","status-publish","hentry"],"aioseo_notices":[],"uagb_featured_image_src":{"full":false,"thumbnail":false,"medium":false,"medium_large":false,"large":false,"1536x1536":false,"2048x2048":false,"trp-custom-language-flag":false,"ultp_layout_landscape_large":false,"ultp_layout_landscape":false,"ultp_layout_portrait":false,"ultp_layout_square":false},"uagb_author_info":{"display_name":"Novalingua Traducciones","author_link":"https:\/\/novalinguatraducciones.com\/es_es\/author\/jagrwrtkwu4e\/"},"uagb_comment_info":0,"uagb_excerpt":"Servicios Servicios de Traducci\u00f3n Profesional Nuestras tarifas de traducci\u00f3n se basan en el cobro por palabra, lo que garantiza transparencia [&hellip;]","_links":{"self":[{"href":"https:\/\/novalinguatraducciones.com\/es_es\/wp-json\/wp\/v2\/pages\/257","targetHints":{"allow":["GET"]}}],"collection":[{"href":"https:\/\/novalinguatraducciones.com\/es_es\/wp-json\/wp\/v2\/pages"}],"about":[{"href":"https:\/\/novalinguatraducciones.com\/es_es\/wp-json\/wp\/v2\/types\/page"}],"author":[{"embeddable":true,"href":"https:\/\/novalinguatraducciones.com\/es_es\/wp-json\/wp\/v2\/users\/3"}],"replies":[{"embeddable":true,"href":"https:\/\/novalinguatraducciones.com\/es_es\/wp-json\/wp\/v2\/comments?post=257"}],"version-history":[{"count":14,"href":"https:\/\/novalinguatraducciones.com\/es_es\/wp-json\/wp\/v2\/pages\/257\/revisions"}],"predecessor-version":[{"id":741,"href":"https:\/\/novalinguatraducciones.com\/es_es\/wp-json\/wp\/v2\/pages\/257\/revisions\/741"}],"wp:attachment":[{"href":"https:\/\/novalinguatraducciones.com\/es_es\/wp-json\/wp\/v2\/media?parent=257"}],"curies":[{"name":"wp","href":"https:\/\/api.w.org\/{rel}","templated":true}]}}