{"id":259,"date":"2024-05-25T17:13:06","date_gmt":"2024-05-25T17:13:06","guid":{"rendered":"https:\/\/voidweaver-veronique-prb3q.zipwp.link\/?page_id=259"},"modified":"2025-10-10T09:58:06","modified_gmt":"2025-10-10T09:58:06","slug":"contacto","status":"publish","type":"page","link":"https:\/\/novalinguatraducciones.com\/es_es\/contacto\/","title":{"rendered":"Contacto"},"content":{"rendered":"\n<div class=\"wp-block-uagb-container uagb-block-48f09e77 alignfull uagb-is-root-container\"><div class=\"uagb-container-inner-blocks-wrap\">\n<div class=\"wp-block-uagb-advanced-heading uagb-block-a606d50e\"><p class=\"uagb-desc-text\">Contacta<\/p><h1 class=\"uagb-heading-text\">Contacta con Novalingua Traducciones hoy mismo<\/h1><\/div>\n<\/div><\/div>\n\n\n\n<div class=\"wp-block-uagb-container uagb-block-44f05bf0 alignfull uagb-is-root-container\"><div class=\"uagb-container-inner-blocks-wrap\">\n<div class=\"wp-block-uagb-container uagb-block-1e0f0a1a\">\n<div class=\"wp-block-uagb-advanced-heading uagb-block-d5b7998d\"><h2 class=\"uagb-heading-text\">Informaci\u00f3n de contacto<\/h2><p class=\"uagb-desc-text\">Si desea recibir un presupuesto para una traducci\u00f3n, p\u00f3ngase en contacto con nosotros. Puede enviarnos su documento por correo electr\u00f3nico o contactarnos por tel\u00e9fono o Whatsapp para hablar de su proyecto en detalle. Estaremos encantados de discutir los pormenores de la traducci\u00f3n con usted. Esperamos poder ayudarle con sus proyectos de traducci\u00f3n.<\/p><\/div>\n\n\n\n<div class=\"wp-block-uagb-container uagb-layout-grid uagb-block-a8ea0a47\">\n<div class=\"wp-block-uagb-advanced-heading uagb-block-4cbbc2d5\"><p class=\"uagb-heading-text\"><em>Tel\u00e9fono \/ Whatsapp<\/em><\/p><p class=\"uagb-desc-text\">+34692924372<\/p><\/div>\n\n\n\n<div class=\"wp-block-uagb-advanced-heading uagb-block-4ca982be\"><p class=\"uagb-heading-text\"><em>Correo electr\u00f3nico<\/em><\/p><p class=\"uagb-desc-text\">info@novalinguatraducciones.com<\/p><\/div>\n\n\n\n<p>novalinguatraducciones@gmail.com <\/p>\n<\/div>\n\n\n\n<div class=\"wp-block-uagb-advanced-heading uagb-block-b4b53e7b\"><p class=\"uagb-heading-text\"><em>Direcci\u00f3n<\/em><\/p><p class=\"uagb-desc-text\">Madrid, Comunidad de Madrid, Espa\u00f1a<\/p><div class=\"uagb-separator\"><\/div><\/div>\n\n\n\n<p>S\u00edguenos: <\/p>\n\n\n\n<p><a href=\"https:\/\/www.linkedin.com\/company\/novalingua-traducciones\/\" title=\"\">Linkedin<\/a><a href=\"https:\/\/www.linkedin.com\/company\/novalingua-traducciones\/\" title=\"Linkedin\"> <\/a><\/p>\n<\/div>\n\n\n\n<div class=\"wp-block-uagb-forms uagb-forms__outer-wrap uagb-block-a59eddb8 uagb-forms__medium-btn\"><form class=\"uagb-forms-main-form\" method=\"post\" autocomplete=\"on\" name=\"uagb-form-a59eddb8\">\n<div class=\"wp-block-uagb-forms-name uagb-forms-name-wrap uagb-forms-field-set uagb-block-4e46e857\"><div class=\"uagb-forms-name-label required uagb-forms-input-label\" id=\"4e46e857\">First Name<\/div><input type=\"text\" placeholder=\"Nombre\" required class=\"uagb-forms-name-input uagb-forms-input\" name=\"4e46e857\" autocomplete=\"given-name\"\/><\/div>\n\n\n\n<div class=\"wp-block-uagb-forms-email uagb-forms-email-wrap uagb-forms-field-set uagb-block-f24e2ea5\"><div class=\"uagb-forms-email-label  uagb-forms-input-label\" id=\"f24e2ea5\">Email<\/div><input type=\"email\" class=\"uagb-forms-email-input uagb-forms-input\" placeholder=\"Correo electr\u00f3nico\" name=\"f24e2ea5\" autocomplete=\"email\"\/><\/div>\n\n\n\n<div class=\"wp-block-uagb-forms-textarea uagb-forms-textarea-wrap uagb-forms-field-set uagb-block-4730f93a\"><div class=\"uagb-forms-textarea-label required uagb-forms-input-label\" id=\"4730f93a\">Message<\/div><textarea required class=\"uagb-forms-textarea-input uagb-forms-input\" rows=\"7\" placeholder=\"Mensaje\" name=\"4730f93a\" autocomplete=\"off\"><\/textarea><\/div>\n<div class=\"uagb-forms-form-hidden-data\"><input type=\"hidden\" class=\"uagb_forms_form_label\" value=\"Spectra Form\"\/><input type=\"hidden\" class=\"uagb_forms_form_id\" value=\"uagb-form-a59eddb8\"\/><\/div><div class=\"uagb-form-reacaptcha-error-a59eddb8\"><\/div><div class=\"uagb-forms-main-submit-button-wrap wp-block-button\"><button class=\"uagb-forms-main-submit-button wp-block-button__link\"><div class=\"uagb-forms-main-submit-button-text\">Submit<\/div><\/button><\/div><\/form><div class=\"uagb-forms-success-message-a59eddb8 uagb-forms-submit-message-hide\"><span>The form has been submitted successfully!<\/span><\/div><div class=\"uagb-forms-failed-message-a59eddb8 uagb-forms-submit-message-hide\"><span>There has been some error while submitting the form. Please verify all form fields again.<\/span><\/div><\/div>\n<\/div><\/div>\n\n\n\n<div class=\"wp-block-uagb-container uagb-block-9c27b936 alignfull uagb-is-root-container\"><div class=\"uagb-container-inner-blocks-wrap\">\n<div class=\"wp-block-uagb-info-box uagb-block-51fe0c8f uagb-infobox__content-wrap  uagb-infobox-icon-above-title uagb-infobox-image-valign-top\"><div class=\"uagb-ifb-content\"><div class=\"uagb-ifb-title-wrap\"><h2 class=\"uagb-ifb-title\">\u00bfListo para Traducir con Nosotros?<\/h2><\/div><p class=\"uagb-ifb-desc\">\u00a1Cont\u00e1ctanos hoy mismo para obtener una traducci\u00f3n de alta calidad que se adapte a tus necesidades!<\/p><div class=\"uagb-ifb-button-wrapper wp-block-button\"><a href=\"\/contact\/\" class=\"uagb-infobox-cta-link wp-block-button__link\" target=\"_self\" rel=\"noopener noreferrer\" onclick=\"return true;\" alt=\"\"><span class=\"uagb-inline-editing\">\u00a1Explora M\u00e1s!<\/span><\/a><\/div><\/div><\/div>\n<\/div><\/div>\n","protected":false},"excerpt":{"rendered":"<p>Contacta Contacta con Novalingua Traducciones hoy mismo Informaci\u00f3n de contacto Si desea recibir un presupuesto para una traducci\u00f3n, p\u00f3ngase en [&hellip;]<\/p>\n","protected":false},"author":3,"featured_media":0,"parent":0,"menu_order":0,"comment_status":"closed","ping_status":"closed","template":"","meta":{"om_disable_all_campaigns":false,"_uag_custom_page_level_css":"","_monsterinsights_skip_tracking":false,"_monsterinsights_sitenote_active":false,"_monsterinsights_sitenote_note":"","_monsterinsights_sitenote_category":0,"_uf_show_specific_survey":0,"_uf_disable_surveys":false,"site-sidebar-layout":"default","site-content-layout":"","ast-site-content-layout":"default","site-content-style":"default","site-sidebar-style":"default","ast-global-header-display":"","ast-banner-title-visibility":"","ast-main-header-display":"","ast-hfb-above-header-display":"","ast-hfb-below-header-display":"","ast-hfb-mobile-header-display":"","site-post-title":"disabled","ast-breadcrumbs-content":"","ast-featured-img":"","footer-sml-layout":"","ast-disable-related-posts":"","theme-transparent-header-meta":"","adv-header-id-meta":"","stick-header-meta":"","header-above-stick-meta":"","header-main-stick-meta":"","header-below-stick-meta":"","astra-migrate-meta-layouts":"default","ast-page-background-enabled":"default","ast-page-background-meta":{"desktop":{"background-color":"var(--ast-global-color-4)","background-image":"","background-repeat":"repeat","background-position":"center center","background-size":"auto","background-attachment":"scroll","background-type":"","background-media":"","overlay-type":"","overlay-color":"","overlay-opacity":"","overlay-gradient":""},"tablet":{"background-color":"","background-image":"","background-repeat":"repeat","background-position":"center center","background-size":"auto","background-attachment":"scroll","background-type":"","background-media":"","overlay-type":"","overlay-color":"","overlay-opacity":"","overlay-gradient":""},"mobile":{"background-color":"","background-image":"","background-repeat":"repeat","background-position":"center center","background-size":"auto","background-attachment":"scroll","background-type":"","background-media":"","overlay-type":"","overlay-color":"","overlay-opacity":"","overlay-gradient":""}},"ast-content-background-meta":{"desktop":{"background-color":"var(--ast-global-color-5)","background-image":"","background-repeat":"repeat","background-position":"center center","background-size":"auto","background-attachment":"scroll","background-type":"","background-media":"","overlay-type":"","overlay-color":"","overlay-opacity":"","overlay-gradient":""},"tablet":{"background-color":"var(--ast-global-color-5)","background-image":"","background-repeat":"repeat","background-position":"center center","background-size":"auto","background-attachment":"scroll","background-type":"","background-media":"","overlay-type":"","overlay-color":"","overlay-opacity":"","overlay-gradient":""},"mobile":{"background-color":"var(--ast-global-color-5)","background-image":"","background-repeat":"repeat","background-position":"center center","background-size":"auto","background-attachment":"scroll","background-type":"","background-media":"","overlay-type":"","overlay-color":"","overlay-opacity":"","overlay-gradient":""}},"footnotes":""},"class_list":["post-259","page","type-page","status-publish","hentry"],"aioseo_notices":[],"uagb_featured_image_src":{"full":false,"thumbnail":false,"medium":false,"medium_large":false,"large":false,"1536x1536":false,"2048x2048":false,"trp-custom-language-flag":false,"ultp_layout_landscape_large":false,"ultp_layout_landscape":false,"ultp_layout_portrait":false,"ultp_layout_square":false},"uagb_author_info":{"display_name":"Novalingua Traducciones","author_link":"https:\/\/novalinguatraducciones.com\/es_es\/author\/jagrwrtkwu4e\/"},"uagb_comment_info":0,"uagb_excerpt":"Contacta Contacta con Novalingua Traducciones hoy mismo Informaci\u00f3n de contacto Si desea recibir un presupuesto para una traducci\u00f3n, p\u00f3ngase en [&hellip;]","_links":{"self":[{"href":"https:\/\/novalinguatraducciones.com\/es_es\/wp-json\/wp\/v2\/pages\/259","targetHints":{"allow":["GET"]}}],"collection":[{"href":"https:\/\/novalinguatraducciones.com\/es_es\/wp-json\/wp\/v2\/pages"}],"about":[{"href":"https:\/\/novalinguatraducciones.com\/es_es\/wp-json\/wp\/v2\/types\/page"}],"author":[{"embeddable":true,"href":"https:\/\/novalinguatraducciones.com\/es_es\/wp-json\/wp\/v2\/users\/3"}],"replies":[{"embeddable":true,"href":"https:\/\/novalinguatraducciones.com\/es_es\/wp-json\/wp\/v2\/comments?post=259"}],"version-history":[{"count":15,"href":"https:\/\/novalinguatraducciones.com\/es_es\/wp-json\/wp\/v2\/pages\/259\/revisions"}],"predecessor-version":[{"id":744,"href":"https:\/\/novalinguatraducciones.com\/es_es\/wp-json\/wp\/v2\/pages\/259\/revisions\/744"}],"wp:attachment":[{"href":"https:\/\/novalinguatraducciones.com\/es_es\/wp-json\/wp\/v2\/media?parent=259"}],"curies":[{"name":"wp","href":"https:\/\/api.w.org\/{rel}","templated":true}]}}